{"id":14934,"date":"2018-11-30T11:57:00","date_gmt":"2018-11-30T10:57:00","guid":{"rendered":"https:\/\/www.immuninlab.ch\/?page_id=14934"},"modified":"2023-11-29T12:08:12","modified_gmt":"2023-11-29T11:08:12","slug":"page-daccueil","status":"publish","type":"page","link":"https:\/\/www.immuninlab.ch\/fr\/","title":{"rendered":"Page d&#8217;accueil"},"content":{"rendered":"<div class=\"wpb-content-wrapper\"><p>[vc_row][vc_column][rev_slider_vc alias=&#8221;home-de-1&#8243;][vc_row_inner el_id=&#8221;dienstleistungen&#8221;][vc_column_inner width=&#8221;1\/6&#8243;][\/vc_column_inner][vc_column_inner width=&#8221;2\/3&#8243;]<div id='ins-heading-69e8d6f7d5e0a' class='section-heading ins-heading text-center default    ins-animated fadeIn'  style='margin-top:0; margin-bottom:20px'><h3 class='section-heading-title margin-10px-top  default '>Prestations<\/h3><\/div><script type=\"text\/javascript\">\n\t\t(function(jQuery) {jQuery(\"head\").append(\"<style>#ins-heading-69e8d6f7d5e0a .section-heading-subtitle {color: #07a7e3;}<\/style>\")\n\t\t\t\t\t})(jQuery);\n\t\t\t\t\t\t<\/script>[\/vc_column_inner][vc_column_inner width=&#8221;1\/6&#8243;][\/vc_column_inner][\/vc_row_inner][\/vc_column][\/vc_row][vc_row][vc_column][vc_empty_space height=&#8221;30px&#8221;][vc_row_inner][vc_column_inner width=&#8221;1\/3&#8243;]<div id='ins-icon-69e8d6f7d5e5c' class='ins-float-icon-wrapper margin-20px-bottom ins-icon-box-align-left-basic   ins-animated fadeInUp' ><div class='ins-float-icon-inner position-relative'><i class='link-icon text-medium-gray icon-medium iconsmind-Chemical-4'><\/i><\/div><div class='ins-float-icon-box-content'><h6 class='ins-float-icon-box-title margin-5px-bottom title-font font-weight-600 text-large letter-spacing-1'>Mesure des cytokines et m\u00e9dicaments biologiques<\/h6><div class='last-paragraph-no-margin'><p class='ins-float-icon-box-text  default'>Notre laboratoire de diagnostic proc\u00e8de \u00e0 des validations compl\u00e8tes des m\u00e9thodes de mesure des cytokines dans diff\u00e9rents mat\u00e9riaux, conform\u00e9ment aux directives du Clinical and Laboratory Standards Institute (CLSI).<\/p><\/div><div class='ins-icon-box-btn-wrap margin-20px-top'><a class='ins-image-box-btn title-font pc' href='\/fr\/prestations\/'>lire plus<\/a><\/div><\/div><\/div><script type=\"text\/javascript\">\n\t\t(function(jQuery) {jQuery(\"head\").append(\"<style>#ins-icon-69e8d6f7d5e5c .ins-icon-box-icon i, #ins-icon-69e8d6f7d5e5c .ins-float-icon-inner i, #ins-icon-69e8d6f7d5e5c .ins-float-right-icon-inner i {color: #ee701c;}#ins-icon-69e8d6f7d5e5c .ins-icon-box-title, #ins-icon-69e8d6f7d5e5c .ins-float-icon-box-title {color: #2e54a1;}<\/style>\")\n\t\t\t\t\t})(jQuery);\n\t\t\t\t\t\t<\/script>[\/vc_column_inner][vc_column_inner width=&#8221;1\/3&#8243;]<div id='ins-icon-69e8d6f7d5e8e' class='ins-float-icon-wrapper margin-20px-bottom ins-icon-box-align-left-basic   ins-animated fadeInUp' data-animation-delay=200><div class='ins-float-icon-inner position-relative'><i class='link-icon text-medium-gray icon-medium iconsmind-Microscope'><\/i><\/div><div class='ins-float-icon-box-content'><h6 class='ins-float-icon-box-title margin-5px-bottom title-font font-weight-600 text-large letter-spacing-1'>Auto-immunit\u00e9<\/h6><div class='last-paragraph-no-margin'><p class='ins-float-icon-box-text  default'>Un grand nombre d'auto-anticorps associ\u00e9s aux collag\u00e9noses sont mesur\u00e9s dans notre laboratoire de diagnostic \u00e0 l'aide de m\u00e9thodes marqu\u00e9es par le IVDR et v\u00e9rifi\u00e9es en interne dans notre laboratoire.<\/p><\/div><div class='ins-icon-box-btn-wrap margin-20px-top'><a class='ins-image-box-btn title-font pc' href='\/fr\/prestations\/'>lire plus<\/a><\/div><\/div><\/div><script type=\"text\/javascript\">\n\t\t(function(jQuery) {jQuery(\"head\").append(\"<style>#ins-icon-69e8d6f7d5e8e .ins-icon-box-icon i, #ins-icon-69e8d6f7d5e8e .ins-float-icon-inner i, #ins-icon-69e8d6f7d5e8e .ins-float-right-icon-inner i {color: #ee701c;}#ins-icon-69e8d6f7d5e8e .ins-icon-box-title, #ins-icon-69e8d6f7d5e8e .ins-float-icon-box-title {color: #2e54a1;}<\/style>\")\n\t\t\t\t\t})(jQuery);\n\t\t\t\t\t\t<\/script>[\/vc_column_inner][vc_column_inner width=&#8221;1\/3&#8243;]<div id='ins-icon-69e8d6f7d5eb5' class='ins-float-icon-wrapper margin-20px-bottom ins-icon-box-align-left-basic   ins-animated fadeInUp' data-animation-delay=400><div class='ins-float-icon-inner position-relative'><i class='link-icon text-medium-gray icon-medium iconsmind-Support'><\/i><\/div><div class='ins-float-icon-box-content'><h6 class='ins-float-icon-box-title margin-5px-bottom title-font font-weight-600 text-large letter-spacing-1'>Assistance \u00e0 la client\u00e8le<\/h6><\/div><\/div><script type=\"text\/javascript\">\n\t\t(function(jQuery) {jQuery(\"head\").append(\"<style>#ins-icon-69e8d6f7d5eb5 .ins-icon-box-icon i, #ins-icon-69e8d6f7d5eb5 .ins-float-icon-inner i, #ins-icon-69e8d6f7d5eb5 .ins-float-right-icon-inner i {color: #ee701c;}#ins-icon-69e8d6f7d5eb5 .ins-icon-box-title, #ins-icon-69e8d6f7d5eb5 .ins-float-icon-box-title {color: #2e54a1;}<\/style>\")\n\t\t\t\t\t})(jQuery);\n\t\t\t\t\t\t<\/script>[vc_column_text css_animation=&#8221;fadeInUp&#8221; el_class=&#8221;textalignleft&#8221;]Nous sommes \u00e0 votre disposition par t\u00e9l\u00e9phone <a href=\"tel:+41445442821\">044-544 28 21<\/a> et par e-mail <a href=\"mailto:immuninlab@hin.ch\">immuninlab@hin.ch<\/a> pour r\u00e9pondre \u00e0 toutes vos questions sur nos prestations.[\/vc_column_text][\/vc_column_inner][\/vc_row_inner][vc_empty_space height=&#8221;30px&#8221;][vc_row_inner][vc_column_inner width=&#8221;1\/3&#8243;]<div id='ins-icon-69e8d6f7d5ed9' class='ins-float-icon-wrapper margin-20px-bottom ins-icon-box-align-left-basic   ins-animated fadeInUp' data-animation-delay=200><div class='ins-float-icon-inner position-relative'><i class='link-icon text-medium-gray icon-medium iconsmind-Affiliate'><\/i><\/div><div class='ins-float-icon-box-content'><h6 class='ins-float-icon-box-title margin-5px-bottom title-font font-weight-600 text-large letter-spacing-1'>Flexibilit\u00e9<\/h6><\/div><\/div><script type=\"text\/javascript\">\n\t\t(function(jQuery) {jQuery(\"head\").append(\"<style>#ins-icon-69e8d6f7d5ed9 .ins-icon-box-icon i, #ins-icon-69e8d6f7d5ed9 .ins-float-icon-inner i, #ins-icon-69e8d6f7d5ed9 .ins-float-right-icon-inner i {color: #ee701c;}#ins-icon-69e8d6f7d5ed9 .ins-icon-box-title, #ins-icon-69e8d6f7d5ed9 .ins-float-icon-box-title {color: #2e54a1;}<\/style>\")\n\t\t\t\t\t})(jQuery);\n\t\t\t\t\t\t<\/script>[vc_column_text el_class=&#8221;textalignleft&#8221;]Vous pouvez modifier ou compl\u00e9ter les analyses que vous demandez par t\u00e9l\u00e9phone ou par e-mail (<a href=\"mailto:immuninlab@hin.ch\">immuninlab@hin.ch<\/a>).[\/vc_column_text][\/vc_column_inner][vc_column_inner width=&#8221;1\/3&#8243;]<div id='ins-icon-69e8d6f7d5efb' class='ins-float-icon-wrapper margin-20px-bottom ins-icon-box-align-left-basic   ins-animated fadeInUp' data-animation-delay=400><div class='ins-float-icon-inner position-relative'><i class='link-icon text-medium-gray icon-medium iconsmind-File-Edit'><\/i><\/div><div class='ins-float-icon-box-content'><h6 class='ins-float-icon-box-title margin-5px-bottom title-font font-weight-600 text-large letter-spacing-1'>\u00c9tudes<\/h6><div class='last-paragraph-no-margin'><p class='ins-float-icon-box-text  default'>Nous offrons la qualit\u00e9 d'un laboratoire de diagnostic avec des m\u00e9thodes rigoureusement valid\u00e9es et pr\u00e9cises pour les \u00e9tudes et les projets de recherche. Contactez-nous pour plus d'informations.<\/p><\/div><\/div><\/div><script type=\"text\/javascript\">\n\t\t(function(jQuery) {jQuery(\"head\").append(\"<style>#ins-icon-69e8d6f7d5efb .ins-icon-box-icon i, #ins-icon-69e8d6f7d5efb .ins-float-icon-inner i, #ins-icon-69e8d6f7d5efb .ins-float-right-icon-inner i {color: #ee701c;}#ins-icon-69e8d6f7d5efb .ins-icon-box-title, #ins-icon-69e8d6f7d5efb .ins-float-icon-box-title {color: #2e54a1;}<\/style>\")\n\t\t\t\t\t})(jQuery);\n\t\t\t\t\t\t<\/script>[\/vc_column_inner][vc_column_inner width=&#8221;1\/3&#8243;]<div id='ins-icon-69e8d6f7d5f1d' class='ins-float-icon-wrapper margin-20px-bottom ins-icon-box-align-left-basic   ins-animated fadeInUp' data-animation-delay=400><div class='ins-float-icon-inner position-relative'><i class='link-icon text-medium-gray icon-medium iconsmind-Chemical-3'><\/i><\/div><div class='ins-float-icon-box-content'><h6 class='ins-float-icon-box-title margin-5px-bottom title-font font-weight-600 text-large letter-spacing-1'>D\u00e9veloppement de nouvelles m\u00e9thodes<\/h6><div class='last-paragraph-no-margin'><p class='ins-float-icon-box-text  default'>\u00c0 votre demande, nous sommes pr\u00eats \u00e0 introduire de nouveaux tests de diagnostic si leur pertinence clinique est d\u00e9montr\u00e9e dans des \u00e9tudes publi\u00e9es.<\/p><\/div><\/div><\/div><script type=\"text\/javascript\">\n\t\t(function(jQuery) {jQuery(\"head\").append(\"<style>#ins-icon-69e8d6f7d5f1d .ins-icon-box-icon i, #ins-icon-69e8d6f7d5f1d .ins-float-icon-inner i, #ins-icon-69e8d6f7d5f1d .ins-float-right-icon-inner i {color: #ee701c;}#ins-icon-69e8d6f7d5f1d .ins-icon-box-title, #ins-icon-69e8d6f7d5f1d .ins-float-icon-box-title {color: #2e54a1;}<\/style>\")\n\t\t\t\t\t})(jQuery);\n\t\t\t\t\t\t<\/script>[\/vc_column_inner][\/vc_row_inner][vc_empty_space height=&#8221;70px&#8221;][\/vc_column][\/vc_row][vc_row equal_height=&#8221;yes&#8221; content_placement=&#8221;middle&#8221;][vc_column width=&#8221;5\/12&#8243; css=&#8221;.vc_custom_1674084467749{margin-top: 40px !important;margin-bottom: 65px !important;padding-right: 40px !important;padding-left: 40px !important;background-color: #074575 !important;}&#8221;]<div id='ins-heading-69e8d6f7d5f3a' class='section-heading ins-heading text-left default    ins-animated fadeIn'  style='margin-top:0; margin-bottom:20px'><h4 class='section-heading-title margin-10px-top  default letter-spacing-1'>Normes de qualit\u00e9 \u00e9lev\u00e9es<\/h4><\/div><script type=\"text\/javascript\">\n\t\t(function(jQuery) {jQuery(\"head\").append(\"<style>#ins-heading-69e8d6f7d5f3a h4 {color: #ffffff;}<\/style>\")\n\t\t\t\t\t})(jQuery);\n\t\t\t\t\t\t<\/script>[vc_custom_heading text=&#8221;L&#8217;utilisation de m\u00e9thodes de diagnostic valid\u00e9es avec pr\u00e9cision, les contr\u00f4les de qualit\u00e9 internes et externes r\u00e9guliers et les processus d&#8217;am\u00e9lioration continue dans notre laboratoire garantissent les normes de qualit\u00e9 les plus \u00e9lev\u00e9es requises pour un laboratoire de diagnostic.&#8221; font_container=&#8221;tag:p|text_align:left|color:%23ffffff&#8221; use_theme_fonts=&#8221;yes&#8221;]<div id='ins-button-69e8d6f7d5f75' class='ins-button-wrapper text-left    ins-animated fadeInUp' data-animation-delay=200><a class='ins-button title-font letter-spacing-1 text-white pc-border pc-bg btn-radius-default font-weight-700 btn-small text-uppercase ' href='\/fr\/prestations\/'  target='_self'><span>Analyses de laboratoire<\/span><\/a><\/div><script type=\"text\/javascript\">\n\t\t(function(jQuery) {jQuery(\"head\").append(\"<style>#ins-button-69e8d6f7d5f75 .ins-button {color: #ffffff;}#ins-button-69e8d6f7d5f75 .ins-button:hover {color: #ffffff;}<\/style>\")\n\t\t\t\t\t})(jQuery);\n\t\t\t\t\t\t<\/script>[\/vc_column][vc_column width=&#8221;7\/12&#8243; css=&#8221;.vc_custom_1543832873041{padding-left: 40px !important;background-color: #f7fbfd !important;}&#8221;][vc_single_image image=&#8221;14597&#8243; img_size=&#8221;full&#8221; alignment=&#8221;center&#8221; css_animation=&#8221;fadeIn&#8221;][vc_empty_space][\/vc_column][\/vc_row][vc_row][vc_column][vc_empty_space][\/vc_column][\/vc_row][vc_row full_width=&#8221;stretch_row&#8221; equal_height=&#8221;yes&#8221; content_placement=&#8221;middle&#8221; css=&#8221;.vc_custom_1543835077385{padding-top: 50px !important;padding-bottom: 50px !important;background-color: #074575 !important;}&#8221;][vc_column css=&#8221;.vc_custom_1543390331922{padding-top: 0px !important;}&#8221;][vc_column_text css_animation=&#8221;fadeIn&#8221; css=&#8221;.vc_custom_1682072626330{margin-bottom: 0px !important;}&#8221;]<\/p>\n<h3 class=\"text-white\" style=\"font-size: 30px; text-align: center;\">Contactez-nous: <span lang=\"IT\">044 544 28 21<\/span><\/h3>\n<p class=\"text-medium text-white\" style=\"letter-spacing: 1px; text-align: center;\">Horaires d\u2019ouverture: Lundi \u2013 vendredi, 8:00 \u00e0 17:00 heures<\/p>\n<p>[\/vc_column_text][\/vc_column][\/vc_row][vc_row][vc_column][vc_empty_space height=&#8221;30px&#8221;][\/vc_column][\/vc_row][vc_row gap=&#8221;15&#8243; equal_height=&#8221;yes&#8221; content_placement=&#8221;middle&#8221; css=&#8221;.vc_custom_1681919661794{padding-top: 70px !important;padding-bottom: 30px !important;}&#8221; el_id=&#8221;contactrapide&#8221;][vc_column width=&#8221;1\/2&#8243;][vc_single_image image=&#8221;14466&#8243; img_size=&#8221;medium&#8221;][vc_custom_heading text=&#8221;Thurgauerstrasse 117, R. 506<br \/>\n8152 Glattpark (Opfikon) \u2013 Zurich<br \/>\nSuisse&#8221; font_container=&#8221;tag:h4|font_size:22px|text_align:left&#8221; use_theme_fonts=&#8221;yes&#8221; css=&#8221;.vc_custom_1682072643279{margin-bottom: 15px !important;}&#8221;][vc_column_text]<\/p>\n<h5 class=\"vc_custom_heading vc_custom_1671218010979\">Email oppor les questions g\u00e9n\u00e9rales et pour les demandes de r\u00e9sultats: <span style=\"color: #ee701c;\"><a style=\"color: #ee701c;\" href=\"mailto:immuninlab@hin.ch\">immuninlab@hin.ch<\/a><br \/>\n<\/span>T\u00e9l\u00e9phone: <span lang=\"IT\">044 544 28 21<\/span><\/h5>\n<p>[\/vc_column_text]<div class=\"ins-social-icons social-icons-regular social-icons-colorful icon-colored social-icons-colored social-icons-round social-icons-effect-none icons-align-left  ins-animated zoomIn\" data-animation-delay=200><a href=\"https:\/\/ch.linkedin.com\/in\/alan-valaperti-94a427150\" class=\"social icon-linkedin\" target=\"_blank\"><i class=\"fa fa-linkedin icon-primary\"><\/i><\/a><\/div>[\/vc_column][vc_column width=&#8221;1\/2&#8243;][vc_single_image image=&#8221;14923&#8243; img_size=&#8221;full&#8221; alignment=&#8221;center&#8221;][\/vc_column][\/vc_row]<\/p>\n<\/div>","protected":false},"excerpt":{"rendered":"<p>[vc_row][vc_column][rev_slider_vc alias=&#8221;home-de-1&#8243;][vc_row_inner el_id=&#8221;dienstleistungen&#8221;][vc_column_inner width=&#8221;1\/6&#8243;][\/vc_column_inner][vc_column_inner width=&#8221;2\/3&#8243;][\/vc_column_inner][vc_column_inner width=&#8221;1\/6&#8243;][\/vc_column_inner][\/vc_row_inner][\/vc_column][\/vc_row][vc_row][vc_column][vc_empty_space height=&#8221;30px&#8221;][vc_row_inner][vc_column_inner width=&#8221;1\/3&#8243;][\/vc_column_inner][vc_column_inner width=&#8221;1\/3&#8243;][\/vc_column_inner][vc_column_inner width=&#8221;1\/3&#8243;][vc_column_text css_animation=&#8221;fadeInUp&#8221; el_class=&#8221;textalignleft&#8221;]Nous sommes \u00e0 votre disposition par t\u00e9l\u00e9phone 044-544 28 21 et par e-mail immuninlab@hin.ch pour r\u00e9pondre \u00e0 toutes vos [&hellip;]<\/p>\n","protected":false},"author":2,"featured_media":0,"parent":0,"menu_order":0,"comment_status":"closed","ping_status":"closed","template":"","meta":{"rs_blank_template":"","rs_page_bg_color":"","slide_template_v7":"","footnotes":""},"class_list":["post-14934","page","type-page","status-publish","hentry"],"aioseo_notices":[],"_links":{"self":[{"href":"https:\/\/www.immuninlab.ch\/fr\/wp-json\/wp\/v2\/pages\/14934","targetHints":{"allow":["GET"]}}],"collection":[{"href":"https:\/\/www.immuninlab.ch\/fr\/wp-json\/wp\/v2\/pages"}],"about":[{"href":"https:\/\/www.immuninlab.ch\/fr\/wp-json\/wp\/v2\/types\/page"}],"author":[{"embeddable":true,"href":"https:\/\/www.immuninlab.ch\/fr\/wp-json\/wp\/v2\/users\/2"}],"replies":[{"embeddable":true,"href":"https:\/\/www.immuninlab.ch\/fr\/wp-json\/wp\/v2\/comments?post=14934"}],"version-history":[{"count":0,"href":"https:\/\/www.immuninlab.ch\/fr\/wp-json\/wp\/v2\/pages\/14934\/revisions"}],"wp:attachment":[{"href":"https:\/\/www.immuninlab.ch\/fr\/wp-json\/wp\/v2\/media?parent=14934"}],"curies":[{"name":"wp","href":"https:\/\/api.w.org\/{rel}","templated":true}]}}