{"id":14961,"date":"2022-12-22T18:59:48","date_gmt":"2022-12-22T17:59:48","guid":{"rendered":"https:\/\/www.immuninlab.ch\/?page_id=14961"},"modified":"2023-11-29T11:58:35","modified_gmt":"2023-11-29T10:58:35","slug":"prestations","status":"publish","type":"page","link":"https:\/\/www.immuninlab.ch\/fr\/prestations\/","title":{"rendered":"Prestations"},"content":{"rendered":"<div class=\"wpb-content-wrapper\"><p>[vc_row][vc_column width=&#8221;1\/4&#8243;][vc_btn title=&#8221;CYTOKINES&#8221; style=&#8221;outline-custom&#8221; outline_custom_color=&#8221;#ee701c&#8221; outline_custom_hover_background=&#8221;#2e54a1&#8243; outline_custom_hover_text=&#8221;#ffffff&#8221; shape=&#8221;square&#8221; size=&#8221;lg&#8221; align=&#8221;center&#8221; button_block=&#8221;true&#8221; link=&#8221;url:https%3A%2F%2Fwww.immuninlab.ch%2Ffr%2Fprestations%2Fcytokines%2F|&#8221;][\/vc_column][vc_column width=&#8221;1\/4&#8243;][vc_btn title=&#8221;AUTO-ANTICORPS&#8221; style=&#8221;outline-custom&#8221; outline_custom_color=&#8221;#ee701c&#8221; outline_custom_hover_background=&#8221;#2e54a1&#8243; outline_custom_hover_text=&#8221;#ffffff&#8221; shape=&#8221;square&#8221; size=&#8221;lg&#8221; align=&#8221;center&#8221; button_block=&#8221;true&#8221; link=&#8221;url:https%3A%2F%2Fwww.immuninlab.ch%2Ffr%2Fprestations%2Fauto-anticorps%2F|&#8221;][\/vc_column][vc_column width=&#8221;1\/4&#8243;][vc_btn title=&#8221;M\u00c9DICAMENTS BIOLOGIQUE ET ANTICORPS ANTI-M\u00c9DICAMENTS&#8221; style=&#8221;outline-custom&#8221; outline_custom_color=&#8221;#ee701c&#8221; outline_custom_hover_background=&#8221;#2e54a1&#8243; outline_custom_hover_text=&#8221;#ffffff&#8221; shape=&#8221;square&#8221; size=&#8221;lg&#8221; align=&#8221;center&#8221; button_block=&#8221;true&#8221; link=&#8221;url:https%3A%2F%2Fwww.immuninlab.ch%2Ffr%2Fprestations%2Fmedicaments-biologiques-et-anticorps-anti-medicaments%2F|&#8221;][\/vc_column][vc_column width=&#8221;1\/4&#8243;][vc_btn title=&#8221;FACTEURS D\u2019INFLAMMATION&#8221; style=&#8221;outline-custom&#8221; outline_custom_color=&#8221;#ee701c&#8221; outline_custom_hover_background=&#8221;#2e54a1&#8243; outline_custom_hover_text=&#8221;#ffffff&#8221; shape=&#8221;square&#8221; size=&#8221;lg&#8221; align=&#8221;center&#8221; button_block=&#8221;true&#8221; link=&#8221;url:https%3A%2F%2Fwww.immuninlab.ch%2Ffr%2Fprestations%2Ffacteurs-d-inflammation%2F|&#8221;][\/vc_column][\/vc_row][vc_row][vc_column][vc_empty_space][\/vc_column][\/vc_row][vc_row][vc_column width=&#8221;1\/2&#8243;][vc_column_text]Nous d\u00e9veloppons constamment de nouveaux tests immunologiques sur la base des derni\u00e8res \u00e9tudes cliniques et des crit\u00e8res de classification et de diagnostic actuels. Avant de proposer un nouveau test, nous devons suivre un proc\u00e9dure de validation exacte et pr\u00e9cise.<\/p>\n<p>Si vous voulez mesurer un param\u00e8tre qui ne se trouve pas actuellement sur notre liste d&#8217;analyses propos\u00e9es, n&#8217;h\u00e9sitez pas \u00e0 nous contacter.[\/vc_column_text][vc_empty_space height=&#8221;20px&#8221;][\/vc_column][vc_column width=&#8221;1\/2&#8243;][vc_single_image image=&#8221;14613&#8243; img_size=&#8221;full&#8221; alignment=&#8221;center&#8221;][vc_empty_space height=&#8221;20px&#8221;][\/vc_column][\/vc_row]<\/p>\n<\/div>","protected":false},"excerpt":{"rendered":"<p>[vc_row][vc_column width=&#8221;1\/4&#8243;][vc_btn title=&#8221;CYTOKINES&#8221; style=&#8221;outline-custom&#8221; outline_custom_color=&#8221;#ee701c&#8221; outline_custom_hover_background=&#8221;#2e54a1&#8243; outline_custom_hover_text=&#8221;#ffffff&#8221; shape=&#8221;square&#8221; size=&#8221;lg&#8221; align=&#8221;center&#8221; button_block=&#8221;true&#8221; link=&#8221;url:https%3A%2F%2Fwww.immuninlab.ch%2Ffr%2Fprestations%2Fcytokines%2F|&#8221;][\/vc_column][vc_column width=&#8221;1\/4&#8243;][vc_btn title=&#8221;AUTO-ANTICORPS&#8221; style=&#8221;outline-custom&#8221; outline_custom_color=&#8221;#ee701c&#8221; outline_custom_hover_background=&#8221;#2e54a1&#8243; outline_custom_hover_text=&#8221;#ffffff&#8221; shape=&#8221;square&#8221; size=&#8221;lg&#8221; align=&#8221;center&#8221; button_block=&#8221;true&#8221; link=&#8221;url:https%3A%2F%2Fwww.immuninlab.ch%2Ffr%2Fprestations%2Fauto-anticorps%2F|&#8221;][\/vc_column][vc_column width=&#8221;1\/4&#8243;][vc_btn title=&#8221;M\u00c9DICAMENTS BIOLOGIQUE ET ANTICORPS ANTI-M\u00c9DICAMENTS&#8221; style=&#8221;outline-custom&#8221; [&hellip;]<\/p>\n","protected":false},"author":2,"featured_media":0,"parent":0,"menu_order":0,"comment_status":"closed","ping_status":"closed","template":"","meta":{"rs_blank_template":"","rs_page_bg_color":"","slide_template_v7":"","footnotes":""},"class_list":["post-14961","page","type-page","status-publish","hentry"],"aioseo_notices":[],"_links":{"self":[{"href":"https:\/\/www.immuninlab.ch\/fr\/wp-json\/wp\/v2\/pages\/14961","targetHints":{"allow":["GET"]}}],"collection":[{"href":"https:\/\/www.immuninlab.ch\/fr\/wp-json\/wp\/v2\/pages"}],"about":[{"href":"https:\/\/www.immuninlab.ch\/fr\/wp-json\/wp\/v2\/types\/page"}],"author":[{"embeddable":true,"href":"https:\/\/www.immuninlab.ch\/fr\/wp-json\/wp\/v2\/users\/2"}],"replies":[{"embeddable":true,"href":"https:\/\/www.immuninlab.ch\/fr\/wp-json\/wp\/v2\/comments?post=14961"}],"version-history":[{"count":0,"href":"https:\/\/www.immuninlab.ch\/fr\/wp-json\/wp\/v2\/pages\/14961\/revisions"}],"wp:attachment":[{"href":"https:\/\/www.immuninlab.ch\/fr\/wp-json\/wp\/v2\/media?parent=14961"}],"curies":[{"name":"wp","href":"https:\/\/api.w.org\/{rel}","templated":true}]}}