{"id":14988,"date":"2022-12-22T20:01:42","date_gmt":"2022-12-22T19:01:42","guid":{"rendered":"https:\/\/www.immuninlab.ch\/?page_id=14988"},"modified":"2023-12-05T17:06:15","modified_gmt":"2023-12-05T16:06:15","slug":"contact","status":"publish","type":"page","link":"https:\/\/www.immuninlab.ch\/fr\/contact\/","title":{"rendered":"Contact"},"content":{"rendered":"<div class=\"wpb-content-wrapper\"><p>[vc_row][vc_column width=&#8221;1\/3&#8243;]<div id='ins-icon-69fb36763f839' class='ins-float-icon-wrapper margin-20px-bottom ins-icon-box-align-left-basic   ' ><div class='ins-float-icon-inner position-relative'><i class='link-icon text-medium-gray icon-medium iconsmind-Edit-Map'><\/i><\/div><div class='ins-float-icon-box-content'><h6 class='ins-float-icon-box-title margin-5px-bottom title-font  text-large no-letter-spacing'>Notre adresse<\/h6><div class='last-paragraph-no-margin'><p class='ins-float-icon-box-text  '>Thurgauerstrasse 117, R. 506 8152 Glattpark (Opfikon) \u2013 Zurich Suisse<\/p><\/div><\/div><\/div><script type=\"text\/javascript\">\n\t\t(function(jQuery) {\n\t\t\t\t\t})(jQuery);\n\t\t\t\t\t\t<\/script>[\/vc_column][vc_column width=&#8221;1\/3&#8243;]<div id='ins-icon-69fb36763f876' class='ins-float-icon-wrapper margin-20px-bottom ins-icon-box-align-left-basic   ' ><div class='ins-float-icon-inner position-relative'><i class='link-icon text-medium-gray icon-medium iconsmind-Inbox-Full'><\/i><\/div><div class='ins-float-icon-box-content'><h6 class='ins-float-icon-box-title margin-5px-bottom title-font  text-large no-letter-spacing'>\u00c9crivez-nous un e-mail<\/h6><\/div><\/div><script type=\"text\/javascript\">\n\t\t(function(jQuery) {\n\t\t\t\t\t})(jQuery);\n\t\t\t\t\t\t<\/script>[vc_column_text]<\/p>\n<p style=\"text-align: center;\"><strong><a href=\"mailto:immuninlab@hin.ch\">immuninlab@hin.ch<\/a><\/strong><\/p>\n<p>[\/vc_column_text][\/vc_column][vc_column width=&#8221;1\/3&#8243;]<div id='ins-icon-69fb36763f897' class='ins-float-icon-wrapper margin-20px-bottom ins-icon-box-align-left-basic   ' ><div class='ins-float-icon-inner position-relative'><i class='link-icon text-medium-gray icon-medium iconsmind-Phone-3'><\/i><\/div><div class='ins-float-icon-box-content'><h6 class='ins-float-icon-box-title margin-5px-bottom title-font  text-large no-letter-spacing'>Appelez-nous<\/h6><div class='last-paragraph-no-margin'><p class='ins-float-icon-box-text  '>T\u00e9l\u00e9phone: 044 544 28 21 Horaires d\u2019ouverture : lundi - vendredi, 8:00 \u00e0 17:00 heures<\/p><\/div><\/div><\/div><script type=\"text\/javascript\">\n\t\t(function(jQuery) {\n\t\t\t\t\t})(jQuery);\n\t\t\t\t\t\t<\/script>[\/vc_column][\/vc_row][vc_row][vc_column][vc_empty_space][\/vc_column][\/vc_row][vc_row][vc_column width=&#8221;1\/2&#8243;]\n<div class=\"wpcf7 no-js\" id=\"wpcf7-f14993-o1\" lang=\"fr-FR\" dir=\"ltr\" data-wpcf7-id=\"14993\">\n<div class=\"screen-reader-response\"><p role=\"status\" aria-live=\"polite\" aria-atomic=\"true\"><\/p> <ul><\/ul><\/div>\n<form action=\"\/fr\/wp-json\/wp\/v2\/pages\/14988#wpcf7-f14993-o1\" method=\"post\" class=\"wpcf7-form init\" aria-label=\"Formulaire de contact\" novalidate=\"novalidate\" data-status=\"init\">\n<fieldset class=\"hidden-fields-container\"><input type=\"hidden\" name=\"_wpcf7\" value=\"14993\" \/><input type=\"hidden\" name=\"_wpcf7_version\" value=\"6.1.5\" \/><input type=\"hidden\" name=\"_wpcf7_locale\" value=\"fr_FR\" \/><input type=\"hidden\" name=\"_wpcf7_unit_tag\" value=\"wpcf7-f14993-o1\" \/><input type=\"hidden\" name=\"_wpcf7_container_post\" value=\"0\" \/><input type=\"hidden\" name=\"_wpcf7_posted_data_hash\" value=\"\" \/><input type=\"hidden\" name=\"_wpcf7cf_hidden_group_fields\" value=\"[]\" \/><input type=\"hidden\" name=\"_wpcf7cf_hidden_groups\" value=\"[]\" \/><input type=\"hidden\" name=\"_wpcf7cf_visible_groups\" value=\"[]\" \/><input type=\"hidden\" name=\"_wpcf7cf_repeaters\" value=\"[]\" \/><input type=\"hidden\" name=\"_wpcf7cf_steps\" value=\"{}\" \/><input type=\"hidden\" name=\"_wpcf7cf_options\" value=\"{&quot;form_id&quot;:14993,&quot;conditions&quot;:[],&quot;settings&quot;:{&quot;animation&quot;:&quot;yes&quot;,&quot;animation_intime&quot;:200,&quot;animation_outtime&quot;:200,&quot;conditions_ui&quot;:&quot;normal&quot;,&quot;notice_dismissed&quot;:false,&quot;repeater_remove_button&quot;:&quot;bottom&quot;}}\" \/>\n<\/fieldset>\n<div class=\"full-width-cf ins-contact-form\">\n\t<div class=\"ins-contact-form-field\">\n\t\t<p><span class=\"wpcf7-form-control-wrap\" data-name=\"your-name\"><input size=\"40\" maxlength=\"400\" class=\"wpcf7-form-control wpcf7-text wpcf7-validates-as-required\" aria-required=\"true\" aria-invalid=\"false\" placeholder=\"Nom*\" value=\"\" type=\"text\" name=\"your-name\" \/><\/span>\n\t\t<\/p>\n\t<\/div>\n\t<div class=\"ins-contact-form-field\">\n\t\t<p><span class=\"wpcf7-form-control-wrap\" data-name=\"telefon\"><input size=\"40\" maxlength=\"400\" class=\"wpcf7-form-control wpcf7-tel wpcf7-validates-as-required wpcf7-text wpcf7-validates-as-tel\" aria-required=\"true\" aria-invalid=\"false\" placeholder=\"T\u00e9l\u00e9phone*\" value=\"\" type=\"tel\" name=\"telefon\" \/><\/span>\n\t\t<\/p>\n\t<\/div>\n\t<div class=\"ins-contact-form-field\">\n\t\t<p><span class=\"wpcf7-form-control-wrap\" data-name=\"your-email\"><input size=\"40\" maxlength=\"400\" class=\"wpcf7-form-control wpcf7-email wpcf7-validates-as-required wpcf7-text wpcf7-validates-as-email\" aria-required=\"true\" aria-invalid=\"false\" placeholder=\"Email*\" value=\"\" type=\"email\" name=\"your-email\" \/><\/span>\n\t\t<\/p>\n\t<\/div>\n\t<div class=\"ins-contact-form-field\">\n\t\t<p><span class=\"wpcf7-form-control-wrap\" data-name=\"your-message\"><textarea cols=\"40\" rows=\"4\" maxlength=\"2000\" class=\"wpcf7-form-control wpcf7-textarea\" aria-invalid=\"false\" placeholder=\"Message\" name=\"your-message\"><\/textarea><\/span>\n\t\t<\/p>\n\t<\/div>\n\t<div class=\"ins-contact-form-acceptance margin-15px-bottom\">\n\t\t<p><span class=\"wpcf7-form-control-wrap\" data-name=\"your-consent\"><span class=\"wpcf7-form-control wpcf7-acceptance\"><span class=\"wpcf7-list-item\"><label><input type=\"checkbox\" name=\"your-consent\" value=\"1\" aria-invalid=\"false\" \/><span class=\"wpcf7-list-item-label\">J'accepte que les donn\u00e9es que j'ai fournies soient collect\u00e9es et enregistr\u00e9es.<\/span><\/label><\/span><\/span><\/span>\n\t\t<\/p>\n\t<\/div>\n\t<div class=\"ins-contact-form-field\">\n\t\t<p><input class=\"wpcf7-form-control wpcf7-submit has-spinner\" type=\"submit\" value=\"Envoyer le message\" \/>\n\t\t<\/p>\n\t<\/div>\n<\/div><div class=\"wpcf7-response-output\" aria-hidden=\"true\"><\/div>\n<\/form>\n<\/div>\n[\/vc_column][vc_column width=&#8221;1\/2&#8243;][vc_gmaps link=&#8221;#E-8_JTNDaWZyYW1lJTIwc3JjJTNEJTIyaHR0cHMlM0ElMkYlMkZ3d3cuZ29vZ2xlLmNvbSUyRm1hcHMlMkZlbWJlZCUzRnBiJTNEJTIxMW0xNCUyMTFtOCUyMTFtMyUyMTFkNTM5OC43NDQ3NDM1NDQ3MzglMjEyZDguNTU4MDY2JTIxM2Q0Ny40MjQxODIlMjEzbTIlMjExaTEwMjQlMjEyaTc2OCUyMTRmMTMuMSUyMTNtMyUyMTFtMiUyMTFzMHg0NzlhYTA3NTUwNGJmMDBkJTI1M0EweGY1ZWUzYWQwMzA0ZDAxYjglMjEyc1RodXJnYXVlcnN0cmFzc2UlMjUyMDExNyUyNTJDJTI1MjA4MTUyJTI1MjBPcGZpa29uJTI1MkMlMjUyMFN1aXNzZSUyMTVlMCUyMTNtMiUyMTFzZnIlMjEyc2VzJTIxNHYxNzAxNzkyNTA4MjM1JTIxNW0yJTIxMXNmciUyMTJzZXMlMjIlMjB3aWR0aCUzRCUyMjYwMCUyMiUyMGhlaWdodCUzRCUyMjQ1MCUyMiUyMHN0eWxlJTNEJTIyYm9yZGVyJTNBMCUzQiUyMiUyMGFsbG93ZnVsbHNjcmVlbiUzRCUyMiUyMiUyMGxvYWRpbmclM0QlMjJsYXp5JTIyJTIwcmVmZXJyZXJwb2xpY3klM0QlMjJuby1yZWZlcnJlci13aGVuLWRvd25ncmFkZSUyMiUzRSUzQyUyRmlmcmFtZSUzRQ==&#8221;][\/vc_column][\/vc_row]<\/p>\n<\/div>","protected":false},"excerpt":{"rendered":"<p>[vc_row][vc_column width=&#8221;1\/3&#8243;][\/vc_column][vc_column width=&#8221;1\/3&#8243;][vc_column_text] immuninlab@hin.ch [\/vc_column_text][\/vc_column][vc_column width=&#8221;1\/3&#8243;][\/vc_column][\/vc_row][vc_row][vc_column][vc_empty_space][\/vc_column][\/vc_row][vc_row][vc_column width=&#8221;1\/2&#8243;][\/vc_column][vc_column width=&#8221;1\/2&#8243;][vc_gmaps link=&#8221;#E-8_JTNDaWZyYW1lJTIwc3JjJTNEJTIyaHR0cHMlM0ElMkYlMkZ3d3cuZ29vZ2xlLmNvbSUyRm1hcHMlMkZlbWJlZCUzRnBiJTNEJTIxMW0xNCUyMTFtOCUyMTFtMyUyMTFkNTM5OC43NDQ3NDM1NDQ3MzglMjEyZDguNTU4MDY2JTIxM2Q0Ny40MjQxODIlMjEzbTIlMjExaTEwMjQlMjEyaTc2OCUyMTRmMTMuMSUyMTNtMyUyMTFtMiUyMTFzMHg0NzlhYTA3NTUwNGJmMDBkJTI1M0EweGY1ZWUzYWQwMzA0ZDAxYjglMjEyc1RodXJnYXVlcnN0cmFzc2UlMjUyMDExNyUyNTJDJTI1MjA4MTUyJTI1MjBPcGZpa29uJTI1MkMlMjUyMFN1aXNzZSUyMTVlMCUyMTNtMiUyMTFzZnIlMjEyc2VzJTIxNHYxNzAxNzkyNTA4MjM1JTIxNW0yJTIxMXNmciUyMTJzZXMlMjIlMjB3aWR0aCUzRCUyMjYwMCUyMiUyMGhlaWdodCUzRCUyMjQ1MCUyMiUyMHN0eWxlJTNEJTIyYm9yZGVyJTNBMCUzQiUyMiUyMGFsbG93ZnVsbHNjcmVlbiUzRCUyMiUyMiUyMGxvYWRpbmclM0QlMjJsYXp5JTIyJTIwcmVmZXJyZXJwb2xpY3klM0QlMjJuby1yZWZlcnJlci13aGVuLWRvd25ncmFkZSUyMiUzRSUzQyUyRmlmcmFtZSUzRQ==&#8221;][\/vc_column][\/vc_row]<\/p>\n","protected":false},"author":2,"featured_media":0,"parent":0,"menu_order":0,"comment_status":"closed","ping_status":"closed","template":"","meta":{"rs_blank_template":"","rs_page_bg_color":"","slide_template_v7":"","footnotes":""},"class_list":["post-14988","page","type-page","status-publish","hentry"],"aioseo_notices":[],"_links":{"self":[{"href":"https:\/\/www.immuninlab.ch\/fr\/wp-json\/wp\/v2\/pages\/14988","targetHints":{"allow":["GET"]}}],"collection":[{"href":"https:\/\/www.immuninlab.ch\/fr\/wp-json\/wp\/v2\/pages"}],"about":[{"href":"https:\/\/www.immuninlab.ch\/fr\/wp-json\/wp\/v2\/types\/page"}],"author":[{"embeddable":true,"href":"https:\/\/www.immuninlab.ch\/fr\/wp-json\/wp\/v2\/users\/2"}],"replies":[{"embeddable":true,"href":"https:\/\/www.immuninlab.ch\/fr\/wp-json\/wp\/v2\/comments?post=14988"}],"version-history":[{"count":0,"href":"https:\/\/www.immuninlab.ch\/fr\/wp-json\/wp\/v2\/pages\/14988\/revisions"}],"wp:attachment":[{"href":"https:\/\/www.immuninlab.ch\/fr\/wp-json\/wp\/v2\/media?parent=14988"}],"curies":[{"name":"wp","href":"https:\/\/api.w.org\/{rel}","templated":true}]}}