{"id":15045,"date":"2022-12-07T17:39:22","date_gmt":"2022-12-07T16:39:22","guid":{"rendered":"https:\/\/www.immuninlab.ch\/?page_id=15045"},"modified":"2024-02-10T10:11:19","modified_gmt":"2024-02-10T09:11:19","slug":"a-propos-de-nous","status":"publish","type":"page","link":"https:\/\/www.immuninlab.ch\/fr\/a-propos-de-nous\/","title":{"rendered":"\u00c0 propos de nous"},"content":{"rendered":"<div class=\"wpb-content-wrapper\"><p>[vc_row][vc_column width=&#8221;1\/2&#8243;][vc_single_image image=&#8221;14593&#8243; img_size=&#8221;full&#8221; alignment=&#8221;center&#8221;][vc_empty_space height=&#8221;20px&#8221;][\/vc_column][vc_column width=&#8221;1\/2&#8243;][vc_custom_heading text=&#8221;Un laboratoire de diagnostic &#8211; Service d\u2019immunologie&#8221; use_theme_fonts=&#8221;yes&#8221;][vc_empty_space height=&#8221;20px&#8221;][vc_custom_heading text=&#8221;Le laboratoire Immuninlab a \u00e9t\u00e9 fond\u00e9 \u00e0 Zurich Opfikon. Notre laboratoire est sp\u00e9cialis\u00e9 dans la mesure des cytokines, des m\u00e9dicaments biologiques et des facteurs inflammatoires, ainsi que dans la d\u00e9termination des auto-anticorps sp\u00e9cifiques associ\u00e9s aux maladies auto-immunes.&#8221; font_container=&#8221;tag:p|font_size:19px|text_align:left&#8221; use_theme_fonts=&#8221;yes&#8221;][\/vc_column][\/vc_row][vc_row][vc_column width=&#8221;1\/2&#8243;][vc_custom_heading text=&#8221;Direction&#8221; use_theme_fonts=&#8221;yes&#8221;][vc_column_text]<strong>PD Dr. phil. nat. Alan Valaperti<\/strong> est le directeur du laboratoire Immuninlab. Apr\u00e8s sa th\u00e8se de doctorat \u00e0 l&#8217;Universit\u00e9 de B\u00e2le et deux postdoctorats (Universit\u00e9 de Toronto, Canada, et Universit\u00e9 de Zurich), il a rejoint la Clinique d&#8217;immunologie de l&#8217;H\u00f4pital universitaire de Zurich (USZ) o\u00f9 il a suivi une sp\u00e9cialisation avec titre FAMH en immunologie clinique. Ces derni\u00e8res ann\u00e9es, il a dirig\u00e9 (codirection) le laboratoire de diagnostic de la clinique d&#8217;immunologie de l&#8217;USZ, responsable des services de diagnostic des cytokines, de diagnostic du compl\u00e9ment et des maladies virales. Il a re\u00e7u la Venia Legendi (Privatdozent) de la facult\u00e9 de m\u00e9decine de l&#8217;universit\u00e9 de Zurich en immunologie clinique.<\/p>\n<p>PD Dr. phil. nat. Alan Valaperti dispose de plusieurs ann\u00e9es d\u2019expertise au niveau de la v\u00e9rification, de la validation et de l&#8217;interpr\u00e9tation des tests immunologiques. Il a publi\u00e9 plusieurs articles scientifiques dans des revues internationales.[\/vc_column_text][vc_empty_space height=&#8221;20px&#8221;][\/vc_column][vc_column width=&#8221;1\/2&#8243;][vc_single_image image=&#8221;14855&#8243; img_size=&#8221;410&#215;400&#8243; alignment=&#8221;center&#8221;][\/vc_column][\/vc_row]<\/p>\n<\/div>","protected":false},"excerpt":{"rendered":"<p>[vc_row][vc_column width=&#8221;1\/2&#8243;][vc_single_image image=&#8221;14593&#8243; img_size=&#8221;full&#8221; alignment=&#8221;center&#8221;][vc_empty_space height=&#8221;20px&#8221;][\/vc_column][vc_column width=&#8221;1\/2&#8243;][vc_custom_heading text=&#8221;Un laboratoire de diagnostic &#8211; Service d\u2019immunologie&#8221; use_theme_fonts=&#8221;yes&#8221;][vc_empty_space height=&#8221;20px&#8221;][vc_custom_heading text=&#8221;Le laboratoire Immuninlab a \u00e9t\u00e9 fond\u00e9 \u00e0 Zurich Opfikon. Notre laboratoire est sp\u00e9cialis\u00e9 dans [&hellip;]<\/p>\n","protected":false},"author":2,"featured_media":0,"parent":0,"menu_order":0,"comment_status":"closed","ping_status":"closed","template":"","meta":{"rs_blank_template":"","rs_page_bg_color":"","slide_template_v7":"","footnotes":""},"class_list":["post-15045","page","type-page","status-publish","hentry"],"aioseo_notices":[],"_links":{"self":[{"href":"https:\/\/www.immuninlab.ch\/fr\/wp-json\/wp\/v2\/pages\/15045","targetHints":{"allow":["GET"]}}],"collection":[{"href":"https:\/\/www.immuninlab.ch\/fr\/wp-json\/wp\/v2\/pages"}],"about":[{"href":"https:\/\/www.immuninlab.ch\/fr\/wp-json\/wp\/v2\/types\/page"}],"author":[{"embeddable":true,"href":"https:\/\/www.immuninlab.ch\/fr\/wp-json\/wp\/v2\/users\/2"}],"replies":[{"embeddable":true,"href":"https:\/\/www.immuninlab.ch\/fr\/wp-json\/wp\/v2\/comments?post=15045"}],"version-history":[{"count":0,"href":"https:\/\/www.immuninlab.ch\/fr\/wp-json\/wp\/v2\/pages\/15045\/revisions"}],"wp:attachment":[{"href":"https:\/\/www.immuninlab.ch\/fr\/wp-json\/wp\/v2\/media?parent=15045"}],"curies":[{"name":"wp","href":"https:\/\/api.w.org\/{rel}","templated":true}]}}