{"id":15073,"date":"2023-01-19T01:36:50","date_gmt":"2023-01-19T00:36:50","guid":{"rendered":"https:\/\/www.immuninlab.ch\/?page_id=15073"},"modified":"2023-11-28T16:17:19","modified_gmt":"2023-11-28T15:17:19","slug":"facteurs-d-inflammation","status":"publish","type":"page","link":"https:\/\/www.immuninlab.ch\/fr\/prestations\/facteurs-d-inflammation\/","title":{"rendered":"Facteurs d&#8217;inflammation"},"content":{"rendered":"<div class=\"wpb-content-wrapper\"><p>[vc_row][vc_column][vc_toggle title=&#8221;N\u00e9opt\u00e9rine&#8221;]<strong>Noms alternatifs<\/strong><\/p>\n<ul>\n<li>Aucun<\/li>\n<\/ul>\n<p><strong>Description et informations cliniques<\/strong><\/p>\n<p>La n\u00e9opt\u00e9rine est s\u00e9cr\u00e9t\u00e9e par les macrophages et les cellules dendritiques activ\u00e9s par l&#8217;IFN-g. La concentration de n\u00e9opt\u00e9rine dans le sang refl\u00e8te la somme des effets immunologiques sur les macrophages\/monocytes et les cellules dendritiques. La n\u00e9opt\u00e9rine augmente dans la phase pr\u00e9coce des infections virales, parasitaires, dans la phase aigu\u00eb des infections bact\u00e9riennes intracellulaires, ainsi que dans la phase chronique et potentiellement mortelle des infections bact\u00e9riennes extracellulaires (septic\u00e9mie). La n\u00e9opt\u00e9rine est mesur\u00e9e en m\u00eame temps que le r\u00e9cepteur soluble de l&#8217;IL-2 (sIL-2R) chez les patients atteints de sarco\u00efdose en tant que param\u00e8tre permettant de d\u00e9terminer l&#8217;\u00e9tat de la maladie.<\/p>\n<p><strong>Indications pour la mesure<\/strong><\/p>\n<ul>\n<li>Sarco\u00efdose (avec le r\u00e9cepteur soluble de l&#8217;IL-2 (sIL-2R))<\/li>\n<li>Marqueur d&#8217;activit\u00e9 dans les maladies auto-immunes<\/li>\n<li>Contr\u00f4le de l&#8217;\u00e9volution en cas d&#8217;infections chroniques<\/li>\n<li>Contr\u00f4le de l&#8217;\u00e9volution apr\u00e8s une transplantation d&#8217;organe<\/li>\n<\/ul>\n<p><strong>Mat\u00e9riel<\/strong><\/p>\n<p>S\u00e9rum et plasma EDTA<\/p>\n<p><strong>Fr\u00e9quence<\/strong><br \/>\nUne fois par semaine<\/p>\n<p><strong>Unit\u00e9 de mesure<\/strong><br \/>\nNanomole par litre (nmol\/l)<\/p>\n<p><strong>Plages de r\u00e9f\u00e9rence en ng\/ml<\/strong><br \/>\nConversion en ng\/ml : <strong>(nmol\/l) x 0.253 = (ng\/ml)<\/strong><\/p>\n<ul>\n<li>0 &#8211; 18 ans : &lt; 3.42 ng\/ml<\/li>\n<li>19 &#8211; 75 ans : &lt;2.53 ng\/ml<\/li>\n<li>75 ans : &lt; 4.81 ng\/ml<\/li>\n<\/ul>\n<p><strong>Points tarifaires<\/strong><strong>\u00a0<\/strong><\/p>\n<p>Position 1577.00<br \/>\nN\u00e9opt\u00e9rine<br \/>\n33.30 points tarifaires (PT), 1 PT = 1.00 CHF<\/p>\n<p>Domaine de laboratoire : Immunologie<\/p>\n<p><strong>ANALYTIQUE<\/strong><\/p>\n<p><strong>M\u00e9thode<\/strong><br \/>\nDosage d\u2019immunoabsorption enzymatique (ELISA) comp\u00e9titif<br \/>\nMesure quantitative en nmol\/L ou en ng\/ml[\/vc_toggle][vc_toggle title=&#8221;Calprotectine (dans le s\u00e9rum)&#8221;]<strong>Noms alternatifs<\/strong><\/p>\n<ul>\n<li>MRP 8\/14<\/li>\n<li>S100 A8\/A9<\/li>\n<\/ul>\n<p><strong>Description et informations cliniques<\/strong><\/p>\n<p>La calprotectine est principalement s\u00e9cr\u00e9t\u00e9e par les granulocytes et les monocytes. La valeur diagnostique et l&#8217;avantage de la calprotectine dans le s\u00e9rum par rapport \u00e0 d&#8217;autres marqueurs r\u00e9sident dans le fait que la calprotectine est d\u00e9j\u00e0 synth\u00e9tis\u00e9e dans la cellule et qu&#8217;elle est s\u00e9cr\u00e9t\u00e9e imm\u00e9diatement apr\u00e8s l&#8217;activation de la cellule. En particulier chez les patients qui souffrent de polyarthrite rhumato\u00efde, on trouve des concentrations \u00e9lev\u00e9es de calprotectine dans le s\u00e9rum, les valeurs mesur\u00e9es \u00e9tant fortement corr\u00e9l\u00e9es avec l&#8217;activit\u00e9 de la maladie. En outre, des concentrations \u00e9lev\u00e9es sont un marqueur pronostique chez les patients atteints de cirrhose alcoolique du foie, servent \u00e0 \u00e9valuer le degr\u00e9 d&#8217;inflammation en cas de parodontite et aident \u00e0 faire la distinction entre l&#8217;hyperplasie b\u00e9nigne de la prostate et le cancer de la prostate.<\/p>\n<p><strong>Indications pour la mesure<\/strong><\/p>\n<ul>\n<li>Polyarthrite rhumato\u00efde<\/li>\n<li>Cirrhose du foie due \u00e0 l\u2019alcool<\/li>\n<li>Parodontite<\/li>\n<li>Hyperplasie de la prostate<\/li>\n<li>Rejet aigu en cas de transplantation r\u00e9nale<\/li>\n<\/ul>\n<p><strong>Mat\u00e9riel<\/strong><\/p>\n<p>S\u00e9rum<br \/>\nRemarque : le plasma n\u2019est pas recommand\u00e9, car la calprotectine n\u2019est pas stable dans le plasma.<\/p>\n<p><strong>Fr\u00e9quence<\/strong><br \/>\nUne fois par semaine<\/p>\n<p><strong>Unit\u00e9 de mesure<\/strong><br \/>\nNanogramme par millilitre (ng\/ml)<\/p>\n<p><strong>Plage de r\u00e9f\u00e9rence <\/strong><br \/>\n&lt; 3000 ng\/ml (dans le s\u00e9rum)<\/p>\n<p><strong>Points tarifaires<\/strong><strong>\u00a0<\/strong><\/p>\n<p>Position 1224.10<br \/>\nCalprotectine<br \/>\n54.90 points tarifaires (PT), 1 PT = 1.00 CHF<\/p>\n<p><strong>ANALYTIQUE<\/strong><\/p>\n<p><strong>M\u00e9thode<\/strong><br \/>\nDosage d\u2019immunoabsorption enzymatique (ELISA)<br \/>\nMesure quantitative en ng\/ml[\/vc_toggle][\/vc_column][\/vc_row]<\/p>\n<\/div>","protected":false},"excerpt":{"rendered":"<p>[vc_row][vc_column][vc_toggle title=&#8221;N\u00e9opt\u00e9rine&#8221;]Noms alternatifs Aucun Description et informations cliniques La n\u00e9opt\u00e9rine est s\u00e9cr\u00e9t\u00e9e par les macrophages et les cellules dendritiques activ\u00e9s par l&#8217;IFN-g. La concentration de n\u00e9opt\u00e9rine dans le sang refl\u00e8te [&hellip;]<\/p>\n","protected":false},"author":2,"featured_media":0,"parent":14961,"menu_order":0,"comment_status":"closed","ping_status":"closed","template":"","meta":{"rs_blank_template":"","rs_page_bg_color":"","slide_template_v7":"","footnotes":""},"class_list":["post-15073","page","type-page","status-publish","hentry"],"aioseo_notices":[],"_links":{"self":[{"href":"https:\/\/www.immuninlab.ch\/fr\/wp-json\/wp\/v2\/pages\/15073","targetHints":{"allow":["GET"]}}],"collection":[{"href":"https:\/\/www.immuninlab.ch\/fr\/wp-json\/wp\/v2\/pages"}],"about":[{"href":"https:\/\/www.immuninlab.ch\/fr\/wp-json\/wp\/v2\/types\/page"}],"author":[{"embeddable":true,"href":"https:\/\/www.immuninlab.ch\/fr\/wp-json\/wp\/v2\/users\/2"}],"replies":[{"embeddable":true,"href":"https:\/\/www.immuninlab.ch\/fr\/wp-json\/wp\/v2\/comments?post=15073"}],"version-history":[{"count":0,"href":"https:\/\/www.immuninlab.ch\/fr\/wp-json\/wp\/v2\/pages\/15073\/revisions"}],"up":[{"embeddable":true,"href":"https:\/\/www.immuninlab.ch\/fr\/wp-json\/wp\/v2\/pages\/14961"}],"wp:attachment":[{"href":"https:\/\/www.immuninlab.ch\/fr\/wp-json\/wp\/v2\/media?parent=15073"}],"curies":[{"name":"wp","href":"https:\/\/api.w.org\/{rel}","templated":true}]}}