{"id":15080,"date":"2022-12-22T19:48:36","date_gmt":"2022-12-22T18:48:36","guid":{"rendered":"https:\/\/www.immuninlab.ch\/?page_id=15080"},"modified":"2023-11-28T18:28:27","modified_gmt":"2023-11-28T17:28:27","slug":"preanalytique","status":"publish","type":"page","link":"https:\/\/www.immuninlab.ch\/fr\/preanalytique\/","title":{"rendered":"Pr\u00e9analytique"},"content":{"rendered":"<div class=\"wpb-content-wrapper\"><p>[vc_row][vc_column width=&#8221;1\/4&#8243;][vc_btn title=&#8221;PR\u00c9ANALYTIQUE DES CYTOKINES&#8221; style=&#8221;outline-custom&#8221; outline_custom_color=&#8221;#ee701c&#8221; outline_custom_hover_background=&#8221;#2e54a1&#8243; outline_custom_hover_text=&#8221;#ffffff&#8221; shape=&#8221;square&#8221; size=&#8221;lg&#8221; align=&#8221;center&#8221; button_block=&#8221;true&#8221; link=&#8221;url:https%3A%2F%2Fwww.immuninlab.ch%2Ffr%2Fpreanalytique%2Fpreanalytique-des-cytokines%2F|&#8221;][\/vc_column][vc_column width=&#8221;1\/4&#8243;][vc_btn title=&#8221;PR\u00c9ANALITIQUE DES AUTO-ANTICORPS&#8221; style=&#8221;outline-custom&#8221; outline_custom_color=&#8221;#ee701c&#8221; outline_custom_hover_background=&#8221;#2e54a1&#8243; outline_custom_hover_text=&#8221;#ffffff&#8221; shape=&#8221;square&#8221; size=&#8221;lg&#8221; align=&#8221;center&#8221; button_block=&#8221;true&#8221; link=&#8221;url:https%3A%2F%2Fwww.immuninlab.ch%2Ffr%2Fpreanalytique%2Fpreanalytique-des-auto-anticorps%2F|&#8221;][\/vc_column][vc_column width=&#8221;1\/4&#8243;][vc_btn title=&#8221;PR\u00c9ANALITIQUE DES M\u00c9DICAMENTS BIOLOGIQUES ET ANTICORPS ANTI-M\u00c9DICAMENTS&#8221; style=&#8221;outline-custom&#8221; outline_custom_color=&#8221;#ee701c&#8221; outline_custom_hover_background=&#8221;#2e54a1&#8243; outline_custom_hover_text=&#8221;#ffffff&#8221; shape=&#8221;square&#8221; size=&#8221;lg&#8221; align=&#8221;left&#8221; button_block=&#8221;true&#8221; link=&#8221;url:https%3A%2F%2Fwww.immuninlab.ch%2Ffr%2Fpreanalytique%2Fpreanalytique-des-medicaments-biologiques-et-anticorps-anti-medicaments%2F|&#8221;][\/vc_column][vc_column width=&#8221;1\/4&#8243;][vc_btn title=&#8221;PR\u00c9ANALYTIQUE DES FACTEURS D\u2019INFLAMMATION&#8221; style=&#8221;outline-custom&#8221; outline_custom_color=&#8221;#ee701c&#8221; outline_custom_hover_background=&#8221;#2e54a1&#8243; outline_custom_hover_text=&#8221;#ffffff&#8221; shape=&#8221;square&#8221; size=&#8221;lg&#8221; align=&#8221;center&#8221; button_block=&#8221;true&#8221; link=&#8221;url:https%3A%2F%2Fwww.immuninlab.ch%2Ffr%2Fpreanalytique%2Fpreanalytique-des-facteurs-inflammation%2F|&#8221;][\/vc_column][\/vc_row][vc_row][vc_column][vc_empty_space][\/vc_column][\/vc_row][vc_row][vc_column width=&#8221;1\/2&#8243;][vc_column_text]Si vous avez des questions suppl\u00e9mentaires concernant la pr\u00e9analytique, la stabilit\u00e9 des \u00e9chantillons sanguins ou le mode d&#8217;envoi appropri\u00e9, n&#8217;h\u00e9sitez pas \u00e0 nous contacter au 044 544 28 21 ou par e-mail \u00e0 <a href=\"mailto:immuninlab@hin.ch\">immuninlab@hin.ch<\/a>.<\/p>\n<p>Nous vous donnerons volontiers toutes les informations n\u00e9cessaires pour faciliter et acc\u00e9l\u00e9rer la r\u00e9alisation des analyses demand\u00e9es.[\/vc_column_text][vc_empty_space height=&#8221;20px&#8221;][\/vc_column][vc_column width=&#8221;1\/2&#8243;][vc_single_image image=&#8221;14667&#8243; img_size=&#8221;full&#8221; alignment=&#8221;center&#8221;][vc_empty_space height=&#8221;20px&#8221;][\/vc_column][\/vc_row]<\/p>\n<\/div>","protected":false},"excerpt":{"rendered":"<p>[vc_row][vc_column width=&#8221;1\/4&#8243;][vc_btn title=&#8221;PR\u00c9ANALYTIQUE DES CYTOKINES&#8221; style=&#8221;outline-custom&#8221; outline_custom_color=&#8221;#ee701c&#8221; outline_custom_hover_background=&#8221;#2e54a1&#8243; outline_custom_hover_text=&#8221;#ffffff&#8221; shape=&#8221;square&#8221; size=&#8221;lg&#8221; align=&#8221;center&#8221; button_block=&#8221;true&#8221; link=&#8221;url:https%3A%2F%2Fwww.immuninlab.ch%2Ffr%2Fpreanalytique%2Fpreanalytique-des-cytokines%2F|&#8221;][\/vc_column][vc_column width=&#8221;1\/4&#8243;][vc_btn title=&#8221;PR\u00c9ANALITIQUE DES AUTO-ANTICORPS&#8221; style=&#8221;outline-custom&#8221; outline_custom_color=&#8221;#ee701c&#8221; outline_custom_hover_background=&#8221;#2e54a1&#8243; outline_custom_hover_text=&#8221;#ffffff&#8221; shape=&#8221;square&#8221; size=&#8221;lg&#8221; align=&#8221;center&#8221; button_block=&#8221;true&#8221; link=&#8221;url:https%3A%2F%2Fwww.immuninlab.ch%2Ffr%2Fpreanalytique%2Fpreanalytique-des-auto-anticorps%2F|&#8221;][\/vc_column][vc_column width=&#8221;1\/4&#8243;][vc_btn title=&#8221;PR\u00c9ANALITIQUE DES [&hellip;]<\/p>\n","protected":false},"author":2,"featured_media":0,"parent":0,"menu_order":0,"comment_status":"closed","ping_status":"closed","template":"","meta":{"rs_blank_template":"","rs_page_bg_color":"","slide_template_v7":"","footnotes":""},"class_list":["post-15080","page","type-page","status-publish","hentry"],"aioseo_notices":[],"_links":{"self":[{"href":"https:\/\/www.immuninlab.ch\/fr\/wp-json\/wp\/v2\/pages\/15080","targetHints":{"allow":["GET"]}}],"collection":[{"href":"https:\/\/www.immuninlab.ch\/fr\/wp-json\/wp\/v2\/pages"}],"about":[{"href":"https:\/\/www.immuninlab.ch\/fr\/wp-json\/wp\/v2\/types\/page"}],"author":[{"embeddable":true,"href":"https:\/\/www.immuninlab.ch\/fr\/wp-json\/wp\/v2\/users\/2"}],"replies":[{"embeddable":true,"href":"https:\/\/www.immuninlab.ch\/fr\/wp-json\/wp\/v2\/comments?post=15080"}],"version-history":[{"count":0,"href":"https:\/\/www.immuninlab.ch\/fr\/wp-json\/wp\/v2\/pages\/15080\/revisions"}],"wp:attachment":[{"href":"https:\/\/www.immuninlab.ch\/fr\/wp-json\/wp\/v2\/media?parent=15080"}],"curies":[{"name":"wp","href":"https:\/\/api.w.org\/{rel}","templated":true}]}}