{"id":15085,"date":"2023-01-19T11:39:28","date_gmt":"2023-01-19T10:39:28","guid":{"rendered":"https:\/\/www.immuninlab.ch\/?page_id=15085"},"modified":"2023-04-26T16:25:18","modified_gmt":"2023-04-26T14:25:18","slug":"preanalytique-des-cytokines","status":"publish","type":"page","link":"https:\/\/www.immuninlab.ch\/fr\/preanalytique\/preanalytique-des-cytokines\/","title":{"rendered":"Pr\u00e9analytique des cytokines"},"content":{"rendered":"<div class=\"wpb-content-wrapper\"><p>[vc_row][vc_column][vc_column_text]<strong>Pr\u00e9analytique des cytokines<\/strong><\/p>\n<p><strong>\u00c9chantillon : <\/strong><\/p>\n<p>S\u00e9rum<br \/>\nPas de mat\u00e9riel alternatif<\/p>\n<p><strong>Remarques<\/strong><\/p>\n<p>Pas de plasma<\/p>\n<p><strong>R\u00e9cipients pour \u00e9chantillons<\/strong><\/p>\n<ul>\n<li>Tubes \u00e0 s\u00e9rum BD Vacutainer CAT (couleur du bouchon : rouge) : 4 ml, 6 ml ou 10 ml<\/li>\n<li>Sarstedt S-Monovette S\u00e9rum (couleur du bouchon : rouge) : de 1.2 ml \u00e0 9.0 ml<strong><br \/>\n<\/strong><\/li>\n<\/ul>\n<p><strong>Volume minimal<\/strong><\/p>\n<p>Sang total : 0.5 ml (500 \u00b5l)<br \/>\nS\u00e9rum : 0.15 ml (150 \u00b5l)<\/p>\n<p><strong>Stabilit\u00e9 de l&#8217;\u00e9chantillon et envoi<\/strong><\/p>\n<p><strong>Il est recommand\u00e9 de centrifuger le sang total collect\u00e9 dans des tubes de s\u00e9rum une heure apr\u00e8s le pr\u00e9l\u00e8vement de sang. Les cytokines dans le s\u00e9rum sont stables \u00e0 temp\u00e9rature ambiante pendant au moins 24 heures. Envoyez-nous le s\u00e9rum collect\u00e9 par courrier A le jour m\u00eame de la prise de sang, avant que la bo\u00eete aux lettres ne soit vid\u00e9e pour la derni\u00e8re fois, afin que nous le recevions le lendemain matin.<\/strong><\/p>\n<p><strong>Si vous ne pouvez pas centrifuger le sang total &#8211; Sang total pr\u00e9lev\u00e9 le jour de l&#8217;envoi :<\/strong> la plupart des cytokines, \u00e0 l&#8217;exception de l&#8217;IL-8, ont une stabilit\u00e9 de 24 heures dans le sang total \u00e0 temp\u00e9rature ambiante. Envoyez-nous l&#8217;\u00e9chantillon de sang total par courrier A le jour m\u00eame de la prise de sang, avant la derni\u00e8re vidage de la bo\u00eete aux lettres, afin que nous le recevions le lendemain matin.<\/p>\n<p><strong>S\u00e9rum d\u00e9j\u00e0 conserv\u00e9 dans votre laboratoire \u00e0 4\u00b0C (par exemple au<br \/>\nr\u00e9frig\u00e9rateur) :<\/strong> envoyez-nous le s\u00e9rum \u00e0 temp\u00e9rature ambiante le jour m\u00eame de son retrait du r\u00e9frig\u00e9rateur, par courrier A, avant le dernier vidage de la bo\u00eete aux lettres, afin que nous le recevions le lendemain matin.<\/p>\n<p><strong>S\u00e9rum se trouvant d\u00e9j\u00e0 dans votre laboratoire dans les archives ou dans la s\u00e9roth\u00e8que \u00e0 -20\u00b0C (cong\u00e9lateur) :<\/strong> envoyez-nous l&#8217;\u00e9chantillon dans une bo\u00eete (bo\u00eete isolante en polystyr\u00e8ne) contenant des blocs congel\u00e9s ou des sachets de gel congel\u00e9 afin d&#8217;\u00e9viter la d\u00e9cong\u00e9lation du s\u00e9rum. La d\u00e9cong\u00e9lation et la cong\u00e9lation des s\u00e9rums entra\u00eenent une diminution des cytokines et peuvent conduire \u00e0 des r\u00e9sultats faussement n\u00e9gatifs. Nous recommandons d&#8217;envoyer le s\u00e9rum congel\u00e9 par courrier A, courrier express ou coursier.<\/p>\n<p>Pour plus d&#8217;informations, consultez les publications suivantes :<\/p>\n<ul>\n<li>Valaperti A. et al., <em>Cytokines<\/em>, 2019<\/li>\n<li>Valaperti A. et al., <em>Journal of Pharmaceutical and Biomedical Analysis<\/em>, 2020<\/li>\n<li>Friebe A. et al., <em>Archives of Pathology and Laboratory Medicine<\/em>, 2008<\/li>\n<li>Jackman R.P et al., <em>Clinical and Vaccine Immunology<\/em>, 2011<strong><br \/>\n<\/strong><\/li>\n<\/ul>\n<p><strong>Commande suppl\u00e9mentaire<\/strong><\/p>\n<p>Jusqu&#8217;\u00e0 quatre semaines apr\u00e8s l&#8217;envoi de l&#8217;\u00e9chantillon de sang (apr\u00e8s la mesure, les \u00e9chantillons sont archiv\u00e9s dans notre laboratoire \u00e0 -20\u00b0C).[\/vc_column_text][\/vc_column][\/vc_row]<\/p>\n<\/div>","protected":false},"excerpt":{"rendered":"<p>[vc_row][vc_column][vc_column_text]Pr\u00e9analytique des cytokines \u00c9chantillon : S\u00e9rum Pas de mat\u00e9riel alternatif Remarques Pas de plasma R\u00e9cipients pour \u00e9chantillons Tubes \u00e0 s\u00e9rum BD Vacutainer CAT (couleur du bouchon : rouge) : 4 [&hellip;]<\/p>\n","protected":false},"author":2,"featured_media":0,"parent":15080,"menu_order":0,"comment_status":"closed","ping_status":"closed","template":"","meta":{"rs_blank_template":"","rs_page_bg_color":"","slide_template_v7":"","footnotes":""},"class_list":["post-15085","page","type-page","status-publish","hentry"],"aioseo_notices":[],"_links":{"self":[{"href":"https:\/\/www.immuninlab.ch\/fr\/wp-json\/wp\/v2\/pages\/15085","targetHints":{"allow":["GET"]}}],"collection":[{"href":"https:\/\/www.immuninlab.ch\/fr\/wp-json\/wp\/v2\/pages"}],"about":[{"href":"https:\/\/www.immuninlab.ch\/fr\/wp-json\/wp\/v2\/types\/page"}],"author":[{"embeddable":true,"href":"https:\/\/www.immuninlab.ch\/fr\/wp-json\/wp\/v2\/users\/2"}],"replies":[{"embeddable":true,"href":"https:\/\/www.immuninlab.ch\/fr\/wp-json\/wp\/v2\/comments?post=15085"}],"version-history":[{"count":0,"href":"https:\/\/www.immuninlab.ch\/fr\/wp-json\/wp\/v2\/pages\/15085\/revisions"}],"up":[{"embeddable":true,"href":"https:\/\/www.immuninlab.ch\/fr\/wp-json\/wp\/v2\/pages\/15080"}],"wp:attachment":[{"href":"https:\/\/www.immuninlab.ch\/fr\/wp-json\/wp\/v2\/media?parent=15085"}],"curies":[{"name":"wp","href":"https:\/\/api.w.org\/{rel}","templated":true}]}}