{"id":15111,"date":"2023-02-25T11:03:15","date_gmt":"2023-02-25T10:03:15","guid":{"rendered":"https:\/\/www.immuninlab.ch\/?page_id=15111"},"modified":"2023-11-28T18:48:15","modified_gmt":"2023-11-28T17:48:15","slug":"gestion-de-la-qualite","status":"publish","type":"page","link":"https:\/\/www.immuninlab.ch\/fr\/gestion-de-la-qualite\/","title":{"rendered":"GQ"},"content":{"rendered":"<div class=\"wpb-content-wrapper\"><p>[vc_row][vc_column width=&#8221;1\/3&#8243;][vc_btn title=&#8221;V\u00e9rifications\/validations&#8221; style=&#8221;outline-custom&#8221; outline_custom_color=&#8221;#ee701c&#8221; outline_custom_hover_background=&#8221;#2e54a1&#8243; outline_custom_hover_text=&#8221;#ffffff&#8221; shape=&#8221;square&#8221; size=&#8221;lg&#8221; align=&#8221;center&#8221; button_block=&#8221;true&#8221; link=&#8221;url:https%3A%2F%2Fwww.immuninlab.ch%2Ffr%2Fgestion-de-la-qualite%2Fverifications-validations%2F|&#8221;][\/vc_column][vc_column width=&#8221;1\/3&#8243;][vc_btn title=&#8221;Contr\u00f4le de qualit\u00e9 externe&#8221; style=&#8221;outline-custom&#8221; outline_custom_color=&#8221;#ee701c&#8221; outline_custom_hover_background=&#8221;#2e54a1&#8243; outline_custom_hover_text=&#8221;#ffffff&#8221; shape=&#8221;square&#8221; size=&#8221;lg&#8221; align=&#8221;center&#8221; button_block=&#8221;true&#8221; link=&#8221;url:https%3A%2F%2Fwww.immuninlab.ch%2Ffr%2Fgestion-de-la-qualite%2Fcontrole-de-qualite-externe%2F|&#8221;][\/vc_column][vc_column width=&#8221;1\/3&#8243;][vc_btn title=&#8221;D\u00e9claration ODiv&#8221; style=&#8221;outline-custom&#8221; outline_custom_color=&#8221;#ee701c&#8221; outline_custom_hover_background=&#8221;#2e54a1&#8243; outline_custom_hover_text=&#8221;#ffffff&#8221; shape=&#8221;square&#8221; size=&#8221;lg&#8221; align=&#8221;center&#8221; button_block=&#8221;true&#8221; link=&#8221;url:https%3A%2F%2Fwww.immuninlab.ch%2Ffr%2Fgestion-de-la-qualite%2Fdeclaration-odiv%2F|&#8221;][\/vc_column][\/vc_row][vc_row][vc_column][vc_empty_space][\/vc_column][\/vc_row][vc_row][vc_column width=&#8221;1\/2&#8243;][vc_column_text]Une v\u00e9rification ou une validation pr\u00e9cise et sans \u00e9quivoque des m\u00e9thodes utilis\u00e9es dans le laboratoire de diagnostic est indispensable pour pouvoir offrir aux patients un service de qualit\u00e9. Vous trouverez ici nos documents sur les principaux aspects de la v\u00e9rification et de la validation de nos m\u00e9thodes, qui sont effectu\u00e9es selon les directives strictes du Clinical and Laboratory Standards Institute (CLSI).<\/p>\n<p>Le laboratoire Immuninlab Dr. Valaperti suit les directives de la QUALAB en mati\u00e8re de contr\u00f4les de qualit\u00e9 externe. Vous trouverez ici les certificats qui attestent de notre participation aux contr\u00f4les de qualit\u00e9 externes.<\/p>\n<p>Selon les nouvelles directives DIV et ODiv, qui sont entr\u00e9es en vigueur en 2022, Swissmedic exige que les laboratoires de diagnostic qui utilisent certaines m\u00e9thodes non marqu\u00e9es DIV publient une d\u00e9claration attestant de la conformit\u00e9 de ces m\u00e9thodes. Vous trouverez nos d\u00e9clarations ici.[\/vc_column_text][vc_empty_space height=&#8221;20px&#8221;][\/vc_column][vc_column width=&#8221;1\/2&#8243;][vc_single_image image=&#8221;14874&#8243; img_size=&#8221;full&#8221; alignment=&#8221;center&#8221;][vc_empty_space height=&#8221;20px&#8221;][\/vc_column][\/vc_row]<\/p>\n<\/div>","protected":false},"excerpt":{"rendered":"<p>[vc_row][vc_column width=&#8221;1\/3&#8243;][vc_btn title=&#8221;V\u00e9rifications\/validations&#8221; style=&#8221;outline-custom&#8221; outline_custom_color=&#8221;#ee701c&#8221; outline_custom_hover_background=&#8221;#2e54a1&#8243; outline_custom_hover_text=&#8221;#ffffff&#8221; shape=&#8221;square&#8221; size=&#8221;lg&#8221; align=&#8221;center&#8221; button_block=&#8221;true&#8221; link=&#8221;url:https%3A%2F%2Fwww.immuninlab.ch%2Ffr%2Fgestion-de-la-qualite%2Fverifications-validations%2F|&#8221;][\/vc_column][vc_column width=&#8221;1\/3&#8243;][vc_btn title=&#8221;Contr\u00f4le de qualit\u00e9 externe&#8221; style=&#8221;outline-custom&#8221; outline_custom_color=&#8221;#ee701c&#8221; outline_custom_hover_background=&#8221;#2e54a1&#8243; outline_custom_hover_text=&#8221;#ffffff&#8221; shape=&#8221;square&#8221; size=&#8221;lg&#8221; align=&#8221;center&#8221; button_block=&#8221;true&#8221; link=&#8221;url:https%3A%2F%2Fwww.immuninlab.ch%2Ffr%2Fgestion-de-la-qualite%2Fcontrole-de-qualite-externe%2F|&#8221;][\/vc_column][vc_column width=&#8221;1\/3&#8243;][vc_btn title=&#8221;D\u00e9claration ODiv&#8221; style=&#8221;outline-custom&#8221; [&hellip;]<\/p>\n","protected":false},"author":2,"featured_media":0,"parent":0,"menu_order":0,"comment_status":"closed","ping_status":"closed","template":"","meta":{"rs_blank_template":"","rs_page_bg_color":"","slide_template_v7":"","footnotes":""},"class_list":["post-15111","page","type-page","status-publish","hentry"],"aioseo_notices":[],"_links":{"self":[{"href":"https:\/\/www.immuninlab.ch\/fr\/wp-json\/wp\/v2\/pages\/15111","targetHints":{"allow":["GET"]}}],"collection":[{"href":"https:\/\/www.immuninlab.ch\/fr\/wp-json\/wp\/v2\/pages"}],"about":[{"href":"https:\/\/www.immuninlab.ch\/fr\/wp-json\/wp\/v2\/types\/page"}],"author":[{"embeddable":true,"href":"https:\/\/www.immuninlab.ch\/fr\/wp-json\/wp\/v2\/users\/2"}],"replies":[{"embeddable":true,"href":"https:\/\/www.immuninlab.ch\/fr\/wp-json\/wp\/v2\/comments?post=15111"}],"version-history":[{"count":0,"href":"https:\/\/www.immuninlab.ch\/fr\/wp-json\/wp\/v2\/pages\/15111\/revisions"}],"wp:attachment":[{"href":"https:\/\/www.immuninlab.ch\/fr\/wp-json\/wp\/v2\/media?parent=15111"}],"curies":[{"name":"wp","href":"https:\/\/api.w.org\/{rel}","templated":true}]}}